{"id":3865,"date":"2020-04-26T19:16:37","date_gmt":"2020-04-26T17:16:37","guid":{"rendered":"http:\/\/justinetorres.com\/?page_id=3865"},"modified":"2022-02-02T18:55:20","modified_gmt":"2022-02-02T17:55:20","slug":"a-propos-ju","status":"publish","type":"page","link":"https:\/\/www.justinetorres.com\/?page_id=3865","title":{"rendered":"a propos ju"},"content":{"rendered":"<div  class=\"tatsu-cREBmsWxX tatsu-section    tatsu-clearfix\" data-title=\"\"  data-headerscheme=\"background--dark\"><div class='tatsu-section-pad clearfix' data-padding='{\"d\":\"90px 0px 90px 0px\"}' data-padding-top='90px'><div class=\"tatsu-row-wrap  tatsu-wrap tatsu-row-has-one-half tatsu-row-has-two-cols tatsu-medium-gutter tatsu-reg-cols  tatsu-clearfix tatsu-caGN7qaexG\" ><div  class=\"tatsu-row \" ><div  class=\"tatsu-column  tatsu-column-no-bg tatsu-one-half tatsu-column-align-middle tatsu-column-image-none tatsu-column-effect-none  tatsu-nGhg0hkpQi\"  data-parallax-speed=\"0\" style=\"\"><div class=\"tatsu-column-inner \" ><div class=\"tatsu-column-pad-wrap\"><div class=\"tatsu-column-pad\" ><div  class=\"tatsu-module tatsu-inline-text clearfix tatsu-2O-kZeh3qv   \" ><style>.tatsu-2O-kZeh3qv .tatsu-inline-text-inner{width: 100%;text-align: left;padding: 0px 80px 0px 80px;}.tatsu-2O-kZeh3qv.tatsu-inline-text{margin: 0px 0px 0px 0px;}@media only screen and (max-width: 767px) {.tatsu-2O-kZeh3qv.tatsu-inline-text .tatsu-inline-text-inner *{text-transform : none;line-height : 15px;}.tatsu-2O-kZeh3qv .tatsu-inline-text-inner{padding: 0px 0px 0px 0px;}}<\/style><div class=\"tatsu-inline-text-inner tatsu-align-center\">\n<h3>Justine Torres<\/h3>\n<h6 style=\"text-align: left;\"><span class=\"swatch-black\">Directrice artistique freelance bas\u00e9e \u00e0 Paris, sp\u00e9cialis\u00e9e en cr\u00e9ation d&rsquo;identit\u00e9. J&rsquo;accompagne vos projets seule ou en \u00e9quipe afin de trouver les solutions graphiques qui sublimeront votre message et votre marque. Votre projet est entre de bonnes mains !\u00a0<\/span><\/h6>\n<h6 style=\"text-align: left;\"><span class=\"swatch-black  \">Ma mission est d&rsquo;identifier le message \u00e0 diffuser de mani\u00e8re \u00e0 le retranscrire au plus grand nombre. Pour ce faire je me charge de toutes les \u00e9tapes de r\u00e9alisation et de coordination des acteurs du projet. \u00a0J&rsquo;assure un accompagnement aupr\u00e8s des entreprises de fa\u00e7on \u00e0 r\u00e9pondre avec pertinence, originalit\u00e9 et qualit\u00e9 aux ambitions de leurs communications.<\/span><\/h6>\n<h6 style=\"text-align: left;\"><span class=\"swatch-black  \">Mon objectif est d&rsquo;analyser et synth\u00e9tiser un brief pour retranscrire au travers de codes graphiques un univers et le communiquer avec subtilit\u00e9. Je vous conseille dans la cr\u00e9ation de vos supports de communication visuelle. j&rsquo;analyse et apporte mon expertise graphique au service de votre message.\u00a0<\/span><\/h6>\n<p style=\"text-align: left;\">\u00a0<\/p>\n<\/div><\/div><\/div><\/div><div class = \"tatsu-column-bg-image-wrap\"><div class = \"tatsu-column-bg-image\" ><\/div><\/div><\/div><style>.tatsu-row > .tatsu-nGhg0hkpQi.tatsu-column{width: 50%;}.tatsu-nGhg0hkpQi.tatsu-column > .tatsu-column-inner > .tatsu-column-overlay{mix-blend-mode: none;}.tatsu-nGhg0hkpQi > .tatsu-column-inner > .tatsu-top-divider{z-index: 9999;}.tatsu-nGhg0hkpQi > .tatsu-column-inner > .tatsu-bottom-divider{z-index: 9999;}.tatsu-nGhg0hkpQi > .tatsu-column-inner > .tatsu-left-divider{z-index: 9999;}.tatsu-nGhg0hkpQi > .tatsu-column-inner > .tatsu-right-divider{z-index: 9999;}@media only screen and (max-width: 767px) {.tatsu-row > .tatsu-nGhg0hkpQi.tatsu-column{width: 100%;}}<\/style><\/div><div  class=\"tatsu-column  tatsu-column-no-bg tatsu-one-half tatsu-column-align-middle tatsu-column-image-none tatsu-column-effect-none  tatsu-xaVutbbcTl\"  data-parallax-speed=\"0\" style=\"\"><div class=\"tatsu-column-inner \" ><div class=\"tatsu-column-pad-wrap\"><div class=\"tatsu-column-pad\" ><div  class=\"tatsu-single-image tatsu-module tatsu-external-image tatsu-yKMCI0Sons  \" ><div class=\"tatsu-single-image-inner \" style=\"\" ><div class = \"tatsu-single-image-padding-wrap\" style = \"\" ><\/div><img class = \"tatsu-gradient-border\" src = \"http:\/\/justinetorres.com\/wp-content\/uploads\/2020\/04\/95046308_517768085526748_1202679804537602048_n.jpg\" alt =\" \"  \/><\/div><style>.tatsu-yKMCI0Sons{margin: 0px 0px 0px 0px;}.tatsu-yKMCI0Sons .tatsu-single-image-inner{border-style: solid;max-width: 100%;}.tatsu-yKMCI0Sons.tatsu-single-image{transform: translate3d(0px,0px, 0);}<\/style><\/div><\/div><\/div><div class = \"tatsu-column-bg-image-wrap\"><div class = \"tatsu-column-bg-image\" ><\/div><\/div><\/div><style>.tatsu-row > .tatsu-xaVutbbcTl.tatsu-column{width: 50%;}.tatsu-xaVutbbcTl.tatsu-column > .tatsu-column-inner > .tatsu-column-overlay{mix-blend-mode: none;}.tatsu-xaVutbbcTl > .tatsu-column-inner > .tatsu-top-divider{z-index: 9999;}.tatsu-xaVutbbcTl > .tatsu-column-inner > .tatsu-bottom-divider{z-index: 9999;}.tatsu-xaVutbbcTl > .tatsu-column-inner > .tatsu-left-divider{z-index: 9999;}.tatsu-xaVutbbcTl > .tatsu-column-inner > .tatsu-right-divider{z-index: 9999;}@media only screen and (max-width: 767px) {.tatsu-row > .tatsu-xaVutbbcTl.tatsu-column{width: 100%;}}<\/style><\/div><\/div><\/div><\/div><div class=\"tatsu-section-background-wrap\"><div class = \"tatsu-section-background\" ><\/div><\/div><style>.tatsu-cREBmsWxX.tatsu-section{background-color: rgba(255,255,255,1);}.tatsu-cREBmsWxX .tatsu-section-pad{padding: 90px 0px 90px 0px;}.tatsu-cREBmsWxX > .tatsu-bottom-divider{z-index: 9999;}.tatsu-cREBmsWxX > .tatsu-top-divider{z-index: 9999;}<\/style><\/div><div  class=\"tatsu-dmcFQMXwm tatsu-section  tatsu-bg-overlay   tatsu-clearfix\" data-title=\"\"  data-headerscheme=\"background--dark\"><div class='tatsu-section-pad clearfix' data-padding='{\"d\":\"90px 0px 90px 0px\"}' data-padding-top='90px'><div class=\"tatsu-row-wrap  tatsu-wrap tatsu-row-has-four-cols tatsu-medium-gutter tatsu-reg-cols  tatsu-clearfix tatsu-FnLQJFYdYt\" ><div  class=\"tatsu-row \" ><div  class=\"tatsu-column  tatsu-bg-overlay tatsu-one-fourth tatsu-column-image-none tatsu-column-effect-none  tatsu-yTU6wZFBl3\"  data-parallax-speed=\"0\" style=\"\"><div class=\"tatsu-column-inner \" ><div class=\"tatsu-column-pad-wrap\"><div class=\"tatsu-column-pad\" ><div  class=\"tatsu-single-image tatsu-module tatsu-image-lazyload tatsu-external-image tatsu-xys3m12M3P  \" ><div class=\"tatsu-single-image-inner \" style=\"\" ><div class = \"tatsu-single-image-padding-wrap\" style = \"\" ><\/div><img class = \"tatsu-gradient-border\" data-src = \"http:\/\/justinetorres.com\/wp-content\/uploads\/2020\/04\/Logo-justineblanc_Plan-de-travail-1.png\" alt =\" \"  src =\"data:image\/png;base64,iVBORw0KGgoAAAANSUhEUgAAAAEAAAABCAQAAAC1HAwCAAAAC0lEQVR42mNkYAAAAAYAAjCB0C8AAAAASUVORK5CYII=\"  \/><\/div><style>.tatsu-xys3m12M3P .tatsu-single-image-inner{border-style: solid;max-width: 100%;}.tatsu-xys3m12M3P.tatsu-single-image{transform: translate3d(0px,0px, 0);}<\/style><\/div><\/div><\/div><div class = \"tatsu-column-bg-image-wrap\"><div class = \"tatsu-column-bg-image\" ><\/div><\/div><div class=\"tatsu-overlay tatsu-column-overlay tatsu-animate-none\" ><\/div><\/div><style>.tatsu-row > .tatsu-yTU6wZFBl3.tatsu-column{width: 25%;}.tatsu-yTU6wZFBl3.tatsu-column > .tatsu-column-inner > .tatsu-column-overlay{mix-blend-mode: normal;}.tatsu-yTU6wZFBl3 > .tatsu-column-inner > .tatsu-top-divider{z-index: 9999;}.tatsu-yTU6wZFBl3 > .tatsu-column-inner > .tatsu-bottom-divider{z-index: 9999;}.tatsu-yTU6wZFBl3 > .tatsu-column-inner > .tatsu-left-divider{z-index: 9999;}.tatsu-yTU6wZFBl3 > .tatsu-column-inner > .tatsu-right-divider{z-index: 9999;}@media only screen and (max-width:1377px) {.tatsu-row > .tatsu-yTU6wZFBl3.tatsu-column{width: 25%;}}@media only screen and (min-width:768px) and (max-width: 1024px) {.tatsu-row > .tatsu-yTU6wZFBl3.tatsu-column{width: 25%;}}@media only screen and (max-width: 767px) {.tatsu-row > .tatsu-yTU6wZFBl3.tatsu-column{width: 100%;}}<\/style><\/div><div  class=\"tatsu-column  tatsu-bg-overlay tatsu-one-fourth tatsu-column-image-none tatsu-column-effect-none  tatsu-YbFLVgM_Sw\"  data-parallax-speed=\"0\" style=\"\"><div class=\"tatsu-column-inner \" ><div class=\"tatsu-column-pad-wrap\"><div class=\"tatsu-column-pad\" ><div  class=\"tatsu-module tatsu-inline-text clearfix tatsu-aUIDx8jEyo   \" ><style>.tatsu-aUIDx8jEyo .tatsu-inline-text-inner{width: 100%;text-align: left;}.tatsu-aUIDx8jEyo.tatsu-inline-text .tatsu-inline-text-inner *{text-transform : none;}@media only screen and (max-width: 767px) {.tatsu-aUIDx8jEyo .tatsu-inline-text-inner{width: 100%;}}<\/style><div class=\"tatsu-inline-text-inner tatsu-align-center\">\n<h5><span style=\"color: #7c7e7e;\">Paris<\/span><\/h5>\n<h6><span style=\"color: #ffffff;\">82 rue curial<\/span><span style=\"color: #ffffff;\">, 75019 Paris<\/span><\/h6>\n<\/div><\/div><\/div><\/div><div class = \"tatsu-column-bg-image-wrap\"><div class = \"tatsu-column-bg-image\" ><\/div><\/div><div class=\"tatsu-overlay tatsu-column-overlay tatsu-animate-none\" ><\/div><\/div><style>.tatsu-row > .tatsu-YbFLVgM_Sw.tatsu-column{width: 25%;}.tatsu-YbFLVgM_Sw.tatsu-column > .tatsu-column-inner > .tatsu-column-overlay{mix-blend-mode: normal;}.tatsu-YbFLVgM_Sw > .tatsu-column-inner > .tatsu-top-divider{z-index: 9999;}.tatsu-YbFLVgM_Sw > .tatsu-column-inner > .tatsu-bottom-divider{z-index: 9999;}.tatsu-YbFLVgM_Sw > .tatsu-column-inner > .tatsu-left-divider{z-index: 9999;}.tatsu-YbFLVgM_Sw > .tatsu-column-inner > .tatsu-right-divider{z-index: 9999;}@media only screen and (max-width:1377px) {.tatsu-row > .tatsu-YbFLVgM_Sw.tatsu-column{width: 25%;}}@media only screen and (min-width:768px) and (max-width: 1024px) {.tatsu-row > .tatsu-YbFLVgM_Sw.tatsu-column{width: 25%;}}@media only screen and (max-width: 767px) {.tatsu-row > .tatsu-YbFLVgM_Sw.tatsu-column{width: 100%;}}<\/style><\/div><div  class=\"tatsu-column  tatsu-bg-overlay tatsu-one-fourth tatsu-column-image-none tatsu-column-effect-none  tatsu-3vgGthyRyL\"  data-parallax-speed=\"0\" style=\"\"><div class=\"tatsu-column-inner \" ><div class=\"tatsu-column-pad-wrap\"><div class=\"tatsu-column-pad\" ><div  class=\"tatsu-module tatsu-inline-text clearfix tatsu-c0oVntUwNz   \" ><style>.tatsu-c0oVntUwNz .tatsu-inline-text-inner{width: 100%;text-align: left;}@media only screen and (max-width: 767px) {.tatsu-c0oVntUwNz .tatsu-inline-text-inner{width: 100%;}}<\/style><div class=\"tatsu-inline-text-inner tatsu-align-center\">\n<h5 style=\"text-transform: none; letter-spacing: normal;\"><span style=\"color: #7c7e7e;\">Email<\/span><\/h5>\n<h6 style=\"letter-spacing: normal;\"><span style=\"color: #ffffff;\">justinetorres.contact@gmail.com<\/span><\/h6>\n<\/div><\/div><div  class=\"tatsu-module tatsu-inline-text clearfix tatsu-nSOiqonv6n   \" ><style>.tatsu-nSOiqonv6n .tatsu-inline-text-inner{width: 100%;text-align: left;}@media only screen and (max-width: 767px) {.tatsu-nSOiqonv6n .tatsu-inline-text-inner{width: 100%;}}<\/style><div class=\"tatsu-inline-text-inner tatsu-align-center\">\n<h5 style=\"text-transform: none; letter-spacing: normal;\"><span style=\"color: #7c7e7e;\">T\u00e9l\u00e9phone<\/span><\/h5>\n<h6 style=\"letter-spacing: normal;\"><span style=\"color: #ffffff;\">+33 (0)6 13 11 01 89<\/span><\/h6>\n<\/div><\/div><\/div><\/div><div class = \"tatsu-column-bg-image-wrap\"><div class = \"tatsu-column-bg-image\" ><\/div><\/div><div class=\"tatsu-overlay tatsu-column-overlay tatsu-animate-none\" ><\/div><\/div><style>.tatsu-row > .tatsu-3vgGthyRyL.tatsu-column{width: 25%;}.tatsu-3vgGthyRyL.tatsu-column > .tatsu-column-inner > .tatsu-column-overlay{mix-blend-mode: normal;}.tatsu-3vgGthyRyL > .tatsu-column-inner > .tatsu-top-divider{z-index: 9999;}.tatsu-3vgGthyRyL > .tatsu-column-inner > .tatsu-bottom-divider{z-index: 9999;}.tatsu-3vgGthyRyL > .tatsu-column-inner > .tatsu-left-divider{z-index: 9999;}.tatsu-3vgGthyRyL > .tatsu-column-inner > .tatsu-right-divider{z-index: 9999;}@media only screen and (max-width:1377px) {.tatsu-row > .tatsu-3vgGthyRyL.tatsu-column{width: 25%;}}@media only screen and (min-width:768px) and (max-width: 1024px) {.tatsu-row > .tatsu-3vgGthyRyL.tatsu-column{width: 25%;}}@media only screen and (max-width: 767px) {.tatsu-row > .tatsu-3vgGthyRyL.tatsu-column{width: 100%;}}<\/style><\/div><div  class=\"tatsu-column  tatsu-bg-overlay tatsu-one-fourth tatsu-column-image-none tatsu-column-effect-none  tatsu-O49_vPjczs\"  data-parallax-speed=\"0\" style=\"\"><div class=\"tatsu-column-inner \" ><div class=\"tatsu-column-pad-wrap\"><div class=\"tatsu-column-pad\" ><div  class=\"tatsu-module tatsu-inline-text clearfix tatsu-Q1_59WV787   \" ><style>.tatsu-Q1_59WV787 .tatsu-inline-text-inner{width: 100%;text-align: left;}.tatsu-Q1_59WV787.tatsu-inline-text{margin: 0px 0px 10px 0px;}@media only screen and (max-width: 767px) {.tatsu-Q1_59WV787 .tatsu-inline-text-inner{width: 100%;}}<\/style><div class=\"tatsu-inline-text-inner tatsu-align-center\">\n<h5 style=\"text-transform: none; letter-spacing: normal;\"><span style=\"color: #7c7e7e;\">Retrouvez moi sur :<\/span><\/h5>\n<\/div><\/div><div  class=\"tatsu-module tatsu-gradient-icon tatsu-icon-shortcode align-none tatsu-o3Byp6ObNS transparent-bg   \">\n\t\t\t\t<a href=\"https:\/\/www.instagram.com\/justinegraphisme\/\" class=\"tatsu-icon-bg tatsu-custom-icon-bg tiny plain    \"  data-gdpr-atts={} target=\"_blank\">\n\t\t\t\t\t<i class=\"tatsu-icon icon-instagram2 default\"><\/i>\n\t\t\t\t\t<i class=\"tatsu-icon icon-instagram2 hover\"><\/i>\n\t\t\t\t<\/a>\n            <style>.tatsu-o3Byp6ObNS .tatsu-icon.default{color: #ffffff ;}.tatsu-o3Byp6ObNS .tatsu-icon.hover{color: #ffffff ;}<\/style>\n\t\t<\/div><div  class=\"tatsu-module tatsu-gradient-icon tatsu-icon-shortcode align-none tatsu-HlWhAfPS79 transparent-bg   \">\n\t\t\t\t<a href=\"https:\/\/dribbble.com\/JustineTorres\" class=\"tatsu-icon-bg tatsu-custom-icon-bg tiny plain    \"  data-gdpr-atts={} target=\"_blank\">\n\t\t\t\t\t<i class=\"tatsu-icon icon-social_dribbble default\"><\/i>\n\t\t\t\t\t<i class=\"tatsu-icon icon-social_dribbble hover\"><\/i>\n\t\t\t\t<\/a>\n            <style>.tatsu-HlWhAfPS79 .tatsu-icon.default{color: #ffffff ;}.tatsu-HlWhAfPS79 .tatsu-icon.hover{color: #ffffff ;}<\/style>\n\t\t<\/div><div  class=\"tatsu-module tatsu-gradient-icon tatsu-icon-shortcode align-none tatsu-gXiu5f9EzM transparent-bg   \">\n\t\t\t\t<a href=\"https:\/\/www.linkedin.com\/in\/justine-torres-a65a8a4a\/\" class=\"tatsu-icon-bg tatsu-custom-icon-bg tiny plain    \"  data-gdpr-atts={} target=\"_blank\">\n\t\t\t\t\t<i class=\"tatsu-icon icon-linkedin2 default\"><\/i>\n\t\t\t\t\t<i class=\"tatsu-icon icon-linkedin2 hover\"><\/i>\n\t\t\t\t<\/a>\n            <style>.tatsu-gXiu5f9EzM .tatsu-icon.default{color: #ffffff ;}.tatsu-gXiu5f9EzM .tatsu-icon.hover{color: #ffffff ;}<\/style>\n\t\t<\/div><\/div><\/div><div class = \"tatsu-column-bg-image-wrap\"><div class = \"tatsu-column-bg-image\" ><\/div><\/div><div class=\"tatsu-overlay tatsu-column-overlay tatsu-animate-none\" ><\/div><\/div><style>.tatsu-row > .tatsu-O49_vPjczs.tatsu-column{width: 25%;}.tatsu-O49_vPjczs.tatsu-column > .tatsu-column-inner > .tatsu-column-overlay{mix-blend-mode: normal;}.tatsu-O49_vPjczs > .tatsu-column-inner > .tatsu-top-divider{z-index: 9999;}.tatsu-O49_vPjczs > .tatsu-column-inner > .tatsu-bottom-divider{z-index: 9999;}.tatsu-O49_vPjczs > .tatsu-column-inner > .tatsu-left-divider{z-index: 9999;}.tatsu-O49_vPjczs > .tatsu-column-inner > .tatsu-right-divider{z-index: 9999;}@media only screen and (max-width:1377px) {.tatsu-row > .tatsu-O49_vPjczs.tatsu-column{width: 25%;}}@media only screen and (min-width:768px) and (max-width: 1024px) {.tatsu-row > .tatsu-O49_vPjczs.tatsu-column{width: 25%;}}@media only screen and (max-width: 767px) {.tatsu-row > .tatsu-O49_vPjczs.tatsu-column{width: 100%;}}<\/style><\/div><\/div><\/div><\/div><div class=\"tatsu-section-background-wrap\"><div class = \"tatsu-section-background\" ><\/div><\/div><div class=\"tatsu-overlay tatsu-section-overlay\"><\/div><style>.tatsu-dmcFQMXwm.tatsu-section{background-color: rgba(0,0,0,1);}.tatsu-dmcFQMXwm .tatsu-section-pad{padding: 90px 0px 90px 0px;}.tatsu-dmcFQMXwm .tatsu-section-offset-wrap{transform: translateY(-0px);}.tatsu-dmcFQMXwm > .tatsu-bottom-divider{z-index: 9999;}.tatsu-dmcFQMXwm > .tatsu-top-divider{z-index: 9999;}.tatsu-dmcFQMXwm .tatsu-section-overlay{mix-blend-mode: normal;}<\/style><\/div>\n","protected":false},"excerpt":{"rendered":"<p><a href=\"https:\/\/www.justinetorres.com\/?page_id=3865\" class=\"more-link style3-button\">Read More<\/a><\/p>","protected":false},"author":1,"featured_media":0,"parent":3443,"menu_order":0,"comment_status":"closed","ping_status":"closed","template":"","meta":{"_mi_skip_tracking":false,"_monsterinsights_sitenote_active":false,"_monsterinsights_sitenote_note":"","_monsterinsights_sitenote_category":0,"footnotes":""},"_links":{"self":[{"href":"https:\/\/www.justinetorres.com\/index.php?rest_route=\/wp\/v2\/pages\/3865"}],"collection":[{"href":"https:\/\/www.justinetorres.com\/index.php?rest_route=\/wp\/v2\/pages"}],"about":[{"href":"https:\/\/www.justinetorres.com\/index.php?rest_route=\/wp\/v2\/types\/page"}],"author":[{"embeddable":true,"href":"https:\/\/www.justinetorres.com\/index.php?rest_route=\/wp\/v2\/users\/1"}],"replies":[{"embeddable":true,"href":"https:\/\/www.justinetorres.com\/index.php?rest_route=%2Fwp%2Fv2%2Fcomments&post=3865"}],"version-history":[{"count":16,"href":"https:\/\/www.justinetorres.com\/index.php?rest_route=\/wp\/v2\/pages\/3865\/revisions"}],"predecessor-version":[{"id":4088,"href":"https:\/\/www.justinetorres.com\/index.php?rest_route=\/wp\/v2\/pages\/3865\/revisions\/4088"}],"up":[{"embeddable":true,"href":"https:\/\/www.justinetorres.com\/index.php?rest_route=\/wp\/v2\/pages\/3443"}],"wp:attachment":[{"href":"https:\/\/www.justinetorres.com\/index.php?rest_route=%2Fwp%2Fv2%2Fmedia&parent=3865"}],"curies":[{"name":"wp","href":"https:\/\/api.w.org\/{rel}","templated":true}]}}